{"id":128,"date":"2025-07-07T14:46:57","date_gmt":"2025-07-07T12:46:57","guid":{"rendered":"https:\/\/sinfatin.com\/sobre-nosotros\/"},"modified":"2025-09-08T08:13:34","modified_gmt":"2025-09-08T06:13:34","slug":"about-us","status":"publish","type":"page","link":"https:\/\/sinfatin.com\/en\/sobre-nosotros\/","title":{"rendered":"About us"},"content":{"rendered":"<div data-elementor-type=\"wp-page\" data-elementor-id=\"128\" class=\"elementor elementor-128\" data-elementor-post-type=\"page\">\n\t\t\t\t<div class=\"elementor-element elementor-element-2cc8b638 e-con-full e-flex e-con e-parent\" data-id=\"2cc8b638\" data-element_type=\"container\" data-e-type=\"container\" data-settings=\"{&quot;position&quot;:&quot;fixed&quot;}\">\n\t\t<div class=\"elementor-element elementor-element-44a6d88e e-con-full e-flex e-con e-child\" data-id=\"44a6d88e\" data-element_type=\"container\" data-e-type=\"container\">\n\t\t\t\t<div class=\"elementor-element elementor-element-38a7597e elementor-widget elementor-widget-progress-tracker\" data-id=\"38a7597e\" data-element_type=\"widget\" data-e-type=\"widget\" data-settings=\"{&quot;direction&quot;:&quot;ltr&quot;,&quot;type&quot;:&quot;horizontal&quot;,&quot;relative_to&quot;:&quot;entire_page&quot;}\" data-widget_type=\"progress-tracker.default\">\n\t\t\t\t\t\n\t\t<div class=\"elementor-scrolling-tracker elementor-scrolling-tracker-horizontal elementor-scrolling-tracker-alignment-\">\n\t\t\t\t\t\t<div class=\"current-progress\">\n\t\t\t\t\t<div class=\"current-progress-percentage\"><\/div>\n\t\t\t\t<\/div>\n\t\t\t\t<\/div>\n\t\t\t\t\t\t<\/div>\n\t\t\t\t<\/div>\n\t\t\t\t<\/div>\n\t\t<div class=\"elementor-element elementor-element-66a65c79 e-flex e-con-boxed e-con e-parent\" data-id=\"66a65c79\" data-element_type=\"container\" data-e-type=\"container\" data-settings=\"{&quot;background_background&quot;:&quot;classic&quot;}\">\n\t\t\t\t\t<div class=\"e-con-inner\">\n\t\t\t\t<div class=\"elementor-element elementor-element-13a8e061 elementor-widget elementor-widget-heading\" data-id=\"13a8e061\" data-element_type=\"widget\" data-e-type=\"widget\" data-widget_type=\"heading.default\">\n\t\t\t\t\t<h1 class=\"elementor-heading-title elementor-size-default\">Experts in clinical drug development \n<\/h1>\t\t\t\t<\/div>\n\t\t\t\t<div class=\"elementor-element elementor-element-9c1bfc6 elementor-widget elementor-widget-breadcrumbs\" data-id=\"9c1bfc6\" data-element_type=\"widget\" data-e-type=\"widget\" data-widget_type=\"breadcrumbs.default\">\n\t\t\t\t<div class=\"elementor-widget-container\">\n\t\t\t\t\t<nav aria-label=\"breadcrumbs\" class=\"rank-math-breadcrumb\"><p><span class=\"last\">Start<\/span><\/p><\/nav>\t\t\t\t<\/div>\n\t\t\t\t<\/div>\n\t\t\t\t\t<\/div>\n\t\t\t\t<\/div>\n\t\t<div class=\"elementor-element elementor-element-46a60f1 e-flex e-con-boxed e-con e-parent\" data-id=\"46a60f1\" data-element_type=\"container\" data-e-type=\"container\">\n\t\t\t\t\t<div class=\"e-con-inner\">\n\t\t<div class=\"elementor-element elementor-element-c49342a e-con-full e-flex elementor-invisible e-con e-child\" data-id=\"c49342a\" data-element_type=\"container\" data-e-type=\"container\" data-settings=\"{&quot;animation&quot;:&quot;fadeIn&quot;}\">\n\t\t\t\t<div class=\"elementor-element elementor-element-f96b999 elementor-widget elementor-widget-heading\" data-id=\"f96b999\" data-element_type=\"widget\" data-e-type=\"widget\" data-widget_type=\"heading.default\">\n\t\t\t\t\t<h2 class=\"elementor-heading-title elementor-size-default\">Committed to health and science<\/h2>\t\t\t\t<\/div>\n\t\t\t\t<div class=\"elementor-element elementor-element-37f9d95 elementor-widget elementor-widget-text-editor\" data-id=\"37f9d95\" data-element_type=\"widget\" data-e-type=\"widget\" data-widget_type=\"text-editor.default\">\n\t\t\t\t\t\t\t\t\t<p>At Sinfatin we integrate a diverse group of<strong> professionals who are experts in CNS diseases and drug development. <\/strong>We explore already marketed medicines to discover new uses and develop therapeutic solutions to address <strong>unmet medical needs<\/strong>, especially for those diseases that affect the CNS.<\/p><p>Sinfatin was founded in 2021 and is headquartered in Toledo. Our company works to transform scientific knowledge into new therapies for people affected by pathologies such as <strong>ictus<\/strong> and the <strong>spinal cord injury.<\/strong> Our main objective is <strong>improve the quality of life of patients<\/strong> through safer, more effective and accessible treatments.<\/p>\t\t\t\t\t\t\t\t<\/div>\n\t\t\t\t<\/div>\n\t\t<div class=\"elementor-element elementor-element-5e564db e-con-full e-flex elementor-invisible e-con e-child\" data-id=\"5e564db\" data-element_type=\"container\" data-e-type=\"container\" data-settings=\"{&quot;animation&quot;:&quot;fadeInRight&quot;}\">\n\t\t\t\t<div class=\"elementor-element elementor-element-d930f42 elementor-widget elementor-widget-image\" data-id=\"d930f42\" data-element_type=\"widget\" data-e-type=\"widget\" data-widget_type=\"image.default\">\n\t\t\t\t\t\t\t\t\t\t\t\t\t\t\t<img fetchpriority=\"high\" decoding=\"async\" width=\"800\" height=\"568\" src=\"https:\/\/sinfatin.com\/wp-content\/uploads\/2025\/07\/medico-investigador-cuadrado-1024x727.jpg\" class=\"attachment-large size-large wp-image-413\" alt=\"Sinfatin experts in neurological drugs,\" srcset=\"https:\/\/sinfatin.com\/wp-content\/uploads\/2025\/07\/medico-investigador-cuadrado-1024x727.jpg 1024w, https:\/\/sinfatin.com\/wp-content\/uploads\/2025\/07\/medico-investigador-cuadrado-768x546.jpg 768w, https:\/\/sinfatin.com\/wp-content\/uploads\/2025\/07\/medico-investigador-cuadrado-1536x1091.jpg 1536w, https:\/\/sinfatin.com\/wp-content\/uploads\/2025\/07\/medico-investigador-cuadrado-2048x1455.jpg 2048w\" sizes=\"(max-width: 800px) 100vw, 800px\" \/>\t\t\t\t\t\t\t\t\t\t\t\t\t\t\t<\/div>\n\t\t\t\t<\/div>\n\t\t\t\t\t<\/div>\n\t\t\t\t<\/div>\n\t\t<div class=\"elementor-element elementor-element-fd27ff5 e-flex e-con-boxed e-con e-parent\" data-id=\"fd27ff5\" data-element_type=\"container\" data-e-type=\"container\">\n\t\t\t\t\t<div class=\"e-con-inner\">\n\t\t<div class=\"elementor-element elementor-element-fd008a5 e-con-full e-flex e-con e-child\" data-id=\"fd008a5\" data-element_type=\"container\" data-e-type=\"container\">\n\t\t\t\t<div class=\"elementor-element elementor-element-7effc67 elementor-widget elementor-widget-heading\" data-id=\"7effc67\" data-element_type=\"widget\" data-e-type=\"widget\" data-widget_type=\"heading.default\">\n\t\t\t\t\t<h2 class=\"elementor-heading-title elementor-size-default\">A multidisciplinary team with clinical and scientific experience<\/h2>\t\t\t\t<\/div>\n\t\t\t\t<div class=\"elementor-element elementor-element-cdd08e0 elementor-widget elementor-widget-text-editor\" data-id=\"cdd08e0\" data-element_type=\"widget\" data-e-type=\"widget\" data-widget_type=\"text-editor.default\">\n\t\t\t\t\t\t\t\t\t<p>Our team is made up of highly qualified professionals in medicine, pharmacy, biology, and clinical management. We combine scientific knowledge with experience in clinical research and regulatory frameworks. This diversity of backgrounds allows us to approach each project with a comprehensive approach, methodological rigor, and commitment to quality, participant safety, and real therapeutic impact.<\/p>\t\t\t\t\t\t\t\t<\/div>\n\t\t\t\t<\/div>\n\t\t<div class=\"elementor-element elementor-element-0b09bad e-con-full e-flex elementor-invisible e-con e-child\" data-id=\"0b09bad\" data-element_type=\"container\" data-e-type=\"container\" data-settings=\"{&quot;animation&quot;:&quot;fadeInUp&quot;}\">\n\t\t<div class=\"elementor-element elementor-element-9527925 e-con-full e-transform e-flex e-con e-child\" data-id=\"9527925\" data-element_type=\"container\" data-e-type=\"container\" data-settings=\"{&quot;_transform_translateY_effect_hover&quot;:{&quot;unit&quot;:&quot;px&quot;,&quot;size&quot;:-10,&quot;sizes&quot;:[]},&quot;_transform_translateX_effect_hover&quot;:{&quot;unit&quot;:&quot;px&quot;,&quot;size&quot;:&quot;&quot;,&quot;sizes&quot;:[]},&quot;_transform_translateX_effect_hover_laptop&quot;:{&quot;unit&quot;:&quot;px&quot;,&quot;size&quot;:&quot;&quot;,&quot;sizes&quot;:[]},&quot;_transform_translateX_effect_hover_tablet&quot;:{&quot;unit&quot;:&quot;px&quot;,&quot;size&quot;:&quot;&quot;,&quot;sizes&quot;:[]},&quot;_transform_translateX_effect_hover_mobile&quot;:{&quot;unit&quot;:&quot;px&quot;,&quot;size&quot;:&quot;&quot;,&quot;sizes&quot;:[]},&quot;_transform_translateY_effect_hover_laptop&quot;:{&quot;unit&quot;:&quot;px&quot;,&quot;size&quot;:&quot;&quot;,&quot;sizes&quot;:[]},&quot;_transform_translateY_effect_hover_tablet&quot;:{&quot;unit&quot;:&quot;px&quot;,&quot;size&quot;:&quot;&quot;,&quot;sizes&quot;:[]},&quot;_transform_translateY_effect_hover_mobile&quot;:{&quot;unit&quot;:&quot;px&quot;,&quot;size&quot;:&quot;&quot;,&quot;sizes&quot;:[]}}\">\n\t\t\t\t<div class=\"elementor-element elementor-element-0a529cf elementor-widget elementor-widget-image\" data-id=\"0a529cf\" data-element_type=\"widget\" data-e-type=\"widget\" data-widget_type=\"image.default\">\n\t\t\t\t\t\t\t\t\t\t\t\t\t\t\t<img decoding=\"async\" width=\"131\" height=\"131\" src=\"https:\/\/sinfatin.com\/wp-content\/uploads\/2025\/07\/jose-javier.png\" class=\"attachment-large size-large wp-image-655\" alt=\"\" srcset=\"https:\/\/sinfatin.com\/wp-content\/uploads\/2025\/07\/jose-javier.png 131w, https:\/\/sinfatin.com\/wp-content\/uploads\/2025\/07\/jose-javier-12x12.png 12w\" sizes=\"(max-width: 131px) 100vw, 131px\">\t\t\t\t\t\t\t\t\t\t\t\t\t\t\t<\/div>\n\t\t\t\t<div class=\"elementor-element elementor-element-0697c4e elementor-widget elementor-widget-heading\" data-id=\"0697c4e\" data-element_type=\"widget\" data-e-type=\"widget\" data-widget_type=\"heading.default\">\n\t\t\t\t\t<h3 class=\"elementor-heading-title elementor-size-default\">Jos\u00e9 Javier Muruz\u00e1bal Gorri<\/h3>\t\t\t\t<\/div>\n\t\t\t\t<div class=\"elementor-element elementor-element-fab6f95 elementor-widget elementor-widget-text-editor\" data-id=\"fab6f95\" data-element_type=\"widget\" data-e-type=\"widget\" data-widget_type=\"text-editor.default\">\n\t\t\t\t\t\t\t\t\t<p><strong data-start=\"47\" data-end=\"97\">Founder and Development Director\u00a0<\/strong><br data-start=\"97\" data-end=\"100\" \/>Director and Founder (Pharmaceutical Innovation Services)<\/p>\t\t\t\t\t\t\t\t<\/div>\n\t\t\t\t<\/div>\n\t\t<div class=\"elementor-element elementor-element-5959c43 e-con-full e-transform e-flex e-con e-child\" data-id=\"5959c43\" data-element_type=\"container\" data-e-type=\"container\" data-settings=\"{&quot;_transform_translateY_effect_hover&quot;:{&quot;unit&quot;:&quot;px&quot;,&quot;size&quot;:-10,&quot;sizes&quot;:[]},&quot;_transform_translateX_effect_hover&quot;:{&quot;unit&quot;:&quot;px&quot;,&quot;size&quot;:&quot;&quot;,&quot;sizes&quot;:[]},&quot;_transform_translateX_effect_hover_laptop&quot;:{&quot;unit&quot;:&quot;px&quot;,&quot;size&quot;:&quot;&quot;,&quot;sizes&quot;:[]},&quot;_transform_translateX_effect_hover_tablet&quot;:{&quot;unit&quot;:&quot;px&quot;,&quot;size&quot;:&quot;&quot;,&quot;sizes&quot;:[]},&quot;_transform_translateX_effect_hover_mobile&quot;:{&quot;unit&quot;:&quot;px&quot;,&quot;size&quot;:&quot;&quot;,&quot;sizes&quot;:[]},&quot;_transform_translateY_effect_hover_laptop&quot;:{&quot;unit&quot;:&quot;px&quot;,&quot;size&quot;:&quot;&quot;,&quot;sizes&quot;:[]},&quot;_transform_translateY_effect_hover_tablet&quot;:{&quot;unit&quot;:&quot;px&quot;,&quot;size&quot;:&quot;&quot;,&quot;sizes&quot;:[]},&quot;_transform_translateY_effect_hover_mobile&quot;:{&quot;unit&quot;:&quot;px&quot;,&quot;size&quot;:&quot;&quot;,&quot;sizes&quot;:[]}}\">\n\t\t\t\t<div class=\"elementor-element elementor-element-48062e8 elementor-widget elementor-widget-image\" data-id=\"48062e8\" data-element_type=\"widget\" data-e-type=\"widget\" data-widget_type=\"image.default\">\n\t\t\t\t\t\t\t\t\t\t\t\t\t\t\t<img decoding=\"async\" width=\"131\" height=\"131\" src=\"https:\/\/sinfatin.com\/wp-content\/uploads\/2025\/07\/antonio-oliveiro.png\" class=\"attachment-large size-large wp-image-656\" alt=\"\" srcset=\"https:\/\/sinfatin.com\/wp-content\/uploads\/2025\/07\/antonio-oliveiro.png 131w, https:\/\/sinfatin.com\/wp-content\/uploads\/2025\/07\/antonio-oliveiro-12x12.png 12w\" sizes=\"(max-width: 131px) 100vw, 131px\">\t\t\t\t\t\t\t\t\t\t\t\t\t\t\t<\/div>\n\t\t\t\t<div class=\"elementor-element elementor-element-8f02687 elementor-widget elementor-widget-heading\" data-id=\"8f02687\" data-element_type=\"widget\" data-e-type=\"widget\" data-widget_type=\"heading.default\">\n\t\t\t\t\t<h3 class=\"elementor-heading-title elementor-size-default\">Antonio Oliviero, MD PhD<\/h3>\t\t\t\t<\/div>\n\t\t\t\t<div class=\"elementor-element elementor-element-82dd237 elementor-widget elementor-widget-text-editor\" data-id=\"82dd237\" data-element_type=\"widget\" data-e-type=\"widget\" data-widget_type=\"text-editor.default\">\n\t\t\t\t\t\t\t\t\t<div class=\"elementor-element elementor-element-4f47c06f elementor-widget elementor-widget-heading\" data-id=\"4f47c06f\" data-element_type=\"widget\" data-widget_type=\"heading.default\"><div class=\"elementor-widget-container\"><strong data-start=\"60\" data-end=\"90\">Founder and Medical Director<\/strong><\/div><div class=\"elementor-widget-container\">Head of Neurology and Group Leader (National Hospital for Paraplegics)<\/div><\/div>\t\t\t\t\t\t\t\t<\/div>\n\t\t\t\t<\/div>\n\t\t\t\t<\/div>\n\t\t\t\t\t<\/div>\n\t\t\t\t<\/div>\n\t\t<div class=\"elementor-element elementor-element-5edba81 e-flex e-con-boxed e-con e-parent\" data-id=\"5edba81\" data-element_type=\"container\" data-e-type=\"container\">\n\t\t\t\t\t<div class=\"e-con-inner\">\n\t\t<div class=\"elementor-element elementor-element-f996405 e-con-full e-flex elementor-invisible e-con e-child\" data-id=\"f996405\" data-element_type=\"container\" data-e-type=\"container\" data-settings=\"{&quot;animation&quot;:&quot;fadeInLeft&quot;}\">\n\t\t\t\t<div class=\"elementor-element elementor-element-47bd516 elementor-widget elementor-widget-heading\" data-id=\"47bd516\" data-element_type=\"widget\" data-e-type=\"widget\" data-widget_type=\"heading.default\">\n\t\t\t\t\t<h2 class=\"elementor-heading-title elementor-size-default\">Our way of working<\/h2>\t\t\t\t<\/div>\n\t\t\t\t<div class=\"elementor-element elementor-element-e8e6445 elementor-widget elementor-widget-text-editor\" data-id=\"e8e6445\" data-element_type=\"widget\" data-e-type=\"widget\" data-widget_type=\"text-editor.default\">\n\t\t\t\t\t\t\t\t\t<ul><li>We bet on the <strong>evidence-based medicine.<\/strong><\/li><li>We prioritize the <strong>participant safety and data quality during clinical development.<\/strong><\/li><li>We collaborate with institutions, research centers, and patient associations.<\/li><li>We seek clinical and social impact.<\/li><\/ul>\t\t\t\t\t\t\t\t<\/div>\n\t\t\t\t<div class=\"elementor-element elementor-element-8d408f9 elementor-widget elementor-widget-heading\" data-id=\"8d408f9\" data-element_type=\"widget\" data-e-type=\"widget\" data-widget_type=\"heading.default\">\n\t\t\t\t\t<h2 class=\"elementor-heading-title elementor-size-default\">What makes us different?<\/h2>\t\t\t\t<\/div>\n\t\t\t\t<div class=\"elementor-element elementor-element-7955f86 elementor-widget elementor-widget-text-editor\" data-id=\"7955f86\" data-element_type=\"widget\" data-e-type=\"widget\" data-widget_type=\"text-editor.default\">\n\t\t\t\t\t\t\t\t\t<ul><li>Focus on the <strong>drug repositioning.<\/strong><\/li><li>Specific therapeutic guidance for fatigue and related functional symptoms caused by CNS diseases.<\/li><li>Ability to adapt to clinical and regulatory frameworks.<\/li><li>Willingness to actively contribute to scientific and social progress.<\/li><\/ul>\t\t\t\t\t\t\t\t<\/div>\n\t\t\t\t<\/div>\n\t\t<div class=\"elementor-element elementor-element-9b6f8a7 e-con-full e-flex elementor-invisible e-con e-child\" data-id=\"9b6f8a7\" data-element_type=\"container\" data-e-type=\"container\" data-settings=\"{&quot;animation&quot;:&quot;fadeInRight&quot;}\">\n\t\t\t\t<div class=\"elementor-element elementor-element-0d969d5 elementor-widget elementor-widget-heading\" data-id=\"0d969d5\" data-element_type=\"widget\" data-e-type=\"widget\" data-widget_type=\"heading.default\">\n\t\t\t\t\t<h2 class=\"elementor-heading-title elementor-size-default\">Mission and vision<\/h2>\t\t\t\t<\/div>\n\t\t\t\t<div class=\"elementor-element elementor-element-00a2c58 elementor-widget elementor-widget-text-editor\" data-id=\"00a2c58\" data-element_type=\"widget\" data-e-type=\"widget\" data-widget_type=\"text-editor.default\">\n\t\t\t\t\t\t\t\t\t<p>Our primary mission is to improve patient care and quality of life by repurposing safe and effective therapies for central nervous system disorders, addressing unmet clinical needs.<\/p><p>We are committed to scientific excellence, ethical research, and the pursuit of treatments that deliver meaningful progress for patients.<\/p><p>We envision becoming a leading force in transforming the treatment landscape for central nervous system diseases, with a particular focus on fatigue and related functional symptoms.<\/p>\t\t\t\t\t\t\t\t<\/div>\n\t\t\t\t<\/div>\n\t\t\t\t\t<\/div>\n\t\t\t\t<\/div>\n\t\t<div class=\"elementor-element elementor-element-0faf82c e-con-full e-flex e-con e-parent\" data-id=\"0faf82c\" data-element_type=\"container\" data-e-type=\"container\">\n\t\t\t\t<div class=\"elementor-element elementor-element-18dd7a7 elementor-widget elementor-widget-template\" data-id=\"18dd7a7\" data-element_type=\"widget\" data-e-type=\"widget\" data-widget_type=\"template.default\">\n\t\t\t\t<div class=\"elementor-widget-container\">\n\t\t\t\t\t\t\t<div class=\"elementor-template\">\n\t\t\t\t\t<div data-elementor-type=\"container\" data-elementor-id=\"1166\" class=\"elementor elementor-1166\" data-elementor-post-type=\"elementor_library\">\n\t\t\t\t<div class=\"elementor-element elementor-element-54cff22a e-flex e-con-boxed e-con e-parent\" data-id=\"54cff22a\" data-element_type=\"container\" data-e-type=\"container\" data-settings=\"{&quot;background_background&quot;:&quot;classic&quot;}\">\n\t\t\t\t\t<div class=\"e-con-inner\">\n\t\t\t\t<div class=\"elementor-element elementor-element-66d2484e elementor-widget__width-initial elementor-widget-mobile__width-inherit elementor-widget elementor-widget-heading\" data-id=\"66d2484e\" data-element_type=\"widget\" data-e-type=\"widget\" data-widget_type=\"heading.default\">\n\t\t\t\t\t<h2 class=\"elementor-heading-title elementor-size-default\">We work to improve the lives of those living with central nervous system disorders by mitigating fatigue due to damage to motor systems.<\/h2>\t\t\t\t<\/div>\n\t\t\t\t<div class=\"elementor-element elementor-element-4a420cc0 elementor-widget__width-initial elementor-widget elementor-widget-text-editor\" data-id=\"4a420cc0\" data-element_type=\"widget\" data-e-type=\"widget\" data-widget_type=\"text-editor.default\">\n\t\t\t\t\t\t\t\t\t<p>Our commitment is to move toward more effective, safe, and accessible treatments.<\/p>\t\t\t\t\t\t\t\t<\/div>\n\t\t\t\t<div class=\"elementor-element elementor-element-514828b6 elementor-align-center e-transform e-transform elementor-widget elementor-widget-button\" data-id=\"514828b6\" data-element_type=\"widget\" data-e-type=\"widget\" data-settings=\"{&quot;_transform_scale_effect_hover&quot;:{&quot;unit&quot;:&quot;px&quot;,&quot;size&quot;:1.05,&quot;sizes&quot;:[]},&quot;_transform_scale_effect&quot;:{&quot;unit&quot;:&quot;px&quot;,&quot;size&quot;:&quot;&quot;,&quot;sizes&quot;:[]},&quot;_transform_scale_effect_laptop&quot;:{&quot;unit&quot;:&quot;px&quot;,&quot;size&quot;:&quot;&quot;,&quot;sizes&quot;:[]},&quot;_transform_scale_effect_tablet&quot;:{&quot;unit&quot;:&quot;px&quot;,&quot;size&quot;:&quot;&quot;,&quot;sizes&quot;:[]},&quot;_transform_scale_effect_mobile&quot;:{&quot;unit&quot;:&quot;px&quot;,&quot;size&quot;:&quot;&quot;,&quot;sizes&quot;:[]},&quot;_transform_scale_effect_hover_laptop&quot;:{&quot;unit&quot;:&quot;px&quot;,&quot;size&quot;:&quot;&quot;,&quot;sizes&quot;:[]},&quot;_transform_scale_effect_hover_tablet&quot;:{&quot;unit&quot;:&quot;px&quot;,&quot;size&quot;:&quot;&quot;,&quot;sizes&quot;:[]},&quot;_transform_scale_effect_hover_mobile&quot;:{&quot;unit&quot;:&quot;px&quot;,&quot;size&quot;:&quot;&quot;,&quot;sizes&quot;:[]}}\" data-widget_type=\"button.default\">\n\t\t\t\t\t\t\t\t\t\t<a class=\"elementor-button elementor-button-link elementor-size-sm\" href=\"https:\/\/sinfatin.com\/en\/desarrollo-clinico-de-rimonabant\/\">\n\t\t\t\t\t\t<span class=\"elementor-button-content-wrapper\">\n\t\t\t\t\t\t\t\t\t<span class=\"elementor-button-text\">Find out how Rimonabant can help you<\/span>\n\t\t\t\t\t<\/span>\n\t\t\t\t\t<\/a>\n\t\t\t\t\t\t\t\t<\/div>\n\t\t\t\t\t<\/div>\n\t\t\t\t<\/div>\n\t\t\t\t<\/div>\n\t\t\t\t<\/div>\n\t\t\t\t\t\t<\/div>\n\t\t\t\t<\/div>\n\t\t\t\t<\/div>\n\t\t\t\t<\/div>","protected":false},"excerpt":{"rendered":"<p>Expertos en desarrollo cl\u00ednico de f\u00e1rmacos Inicio Comprometidos con la salud y la ciencia En Sinfatin integramos un grupo diverso de profesionales expertos en enfermedades del SNC y el desarrollo de f\u00e1rmacos. Exploramos medicamentos ya comercializados para descubrir nuevos usos y desarrollamos soluciones terap\u00e9uticas para abordar necesidades m\u00e9dicas no cubiertas, especialmente para aquellas enfermedades que [&hellip;]<\/p>\n","protected":false},"author":1,"featured_media":0,"parent":0,"menu_order":0,"comment_status":"closed","ping_status":"closed","template":"","meta":{"footnotes":""},"class_list":["post-128","page","type-page","status-publish","hentry"],"_links":{"self":[{"href":"https:\/\/sinfatin.com\/en\/wp-json\/wp\/v2\/pages\/128","targetHints":{"allow":["GET"]}}],"collection":[{"href":"https:\/\/sinfatin.com\/en\/wp-json\/wp\/v2\/pages"}],"about":[{"href":"https:\/\/sinfatin.com\/en\/wp-json\/wp\/v2\/types\/page"}],"author":[{"embeddable":true,"href":"https:\/\/sinfatin.com\/en\/wp-json\/wp\/v2\/users\/1"}],"replies":[{"embeddable":true,"href":"https:\/\/sinfatin.com\/en\/wp-json\/wp\/v2\/comments?post=128"}],"version-history":[{"count":108,"href":"https:\/\/sinfatin.com\/en\/wp-json\/wp\/v2\/pages\/128\/revisions"}],"predecessor-version":[{"id":1349,"href":"https:\/\/sinfatin.com\/en\/wp-json\/wp\/v2\/pages\/128\/revisions\/1349"}],"wp:attachment":[{"href":"https:\/\/sinfatin.com\/en\/wp-json\/wp\/v2\/media?parent=128"}],"curies":[{"name":"wp","href":"https:\/\/api.w.org\/{rel}","templated":true}]}}